{"id":689,"date":"2023-02-10T15:34:24","date_gmt":"2023-02-10T15:34:24","guid":{"rendered":"https:\/\/distribuidoravulcano.com.pe\/?page_id=689"},"modified":"2023-05-03T16:07:31","modified_gmt":"2023-05-03T16:07:31","slug":"tuberias","status":"publish","type":"page","link":"https:\/\/distribuidoravulcano.com.pe\/?page_id=689","title":{"rendered":"Tuber\u00edas"},"content":{"rendered":"\t\t<div data-elementor-type=\"wp-page\" data-elementor-id=\"689\" class=\"elementor elementor-689\">\n\t\t\t\t\t\t<section class=\"elementor-section elementor-top-section elementor-element elementor-element-4ec3123a elementor-section-boxed elementor-section-height-default elementor-section-height-default\" data-id=\"4ec3123a\" data-element_type=\"section\" data-e-type=\"section\" data-settings=\"{&quot;background_background&quot;:&quot;slideshow&quot;,&quot;background_slideshow_gallery&quot;:[{&quot;id&quot;:1223,&quot;url&quot;:&quot;https:\\\/\\\/distribuidoravulcano.com.pe\\\/wp-content\\\/uploads\\\/2023\\\/03\\\/Tuberia-corrugada-CARRUSEL-1-1.jpg&quot;},{&quot;id&quot;:1224,&quot;url&quot;:&quot;https:\\\/\\\/distribuidoravulcano.com.pe\\\/wp-content\\\/uploads\\\/2023\\\/03\\\/TUBERIA-CORRUGADA-CARRUSEL-02-1.jpg&quot;},{&quot;id&quot;:1225,&quot;url&quot;:&quot;https:\\\/\\\/distribuidoravulcano.com.pe\\\/wp-content\\\/uploads\\\/2023\\\/03\\\/Tuberia-Lisa-CARRUSEL-1.webp&quot;},{&quot;id&quot;:1226,&quot;url&quot;:&quot;https:\\\/\\\/distribuidoravulcano.com.pe\\\/wp-content\\\/uploads\\\/2023\\\/03\\\/tuberia-lisa-CARRUSEL-1.png&quot;}],&quot;background_slideshow_slide_duration&quot;:2000,&quot;background_slideshow_loop&quot;:&quot;yes&quot;,&quot;background_slideshow_slide_transition&quot;:&quot;fade&quot;,&quot;background_slideshow_transition_duration&quot;:500}\">\n\t\t\t\t\t\t\t<div class=\"elementor-background-overlay\"><\/div>\n\t\t\t\t\t\t\t<div class=\"elementor-container elementor-column-gap-no\">\n\t\t\t\t\t<div class=\"elementor-column elementor-col-100 elementor-top-column elementor-element elementor-element-2c5d5a13\" data-id=\"2c5d5a13\" data-element_type=\"column\" data-e-type=\"column\">\n\t\t\t<div class=\"elementor-widget-wrap elementor-element-populated\">\n\t\t\t\t\t\t<div class=\"elementor-element elementor-element-24a262de elementor-widget elementor-widget-heading\" data-id=\"24a262de\" data-element_type=\"widget\" data-e-type=\"widget\" data-widget_type=\"heading.default\">\n\t\t\t\t<div class=\"elementor-widget-container\">\n\t\t\t\t\t<h1 class=\"elementor-heading-title elementor-size-default\">Tuber\u00edas<\/h1>\t\t\t\t<\/div>\n\t\t\t\t<\/div>\n\t\t\t\t\t<\/div>\n\t\t<\/div>\n\t\t\t\t\t<\/div>\n\t\t<\/section>\n\t\t\t\t<section class=\"elementor-section elementor-inner-section elementor-element elementor-element-2d3723af elementor-section-boxed elementor-section-height-default elementor-section-height-default\" data-id=\"2d3723af\" data-element_type=\"section\" data-e-type=\"section\">\n\t\t\t\t\t\t<div class=\"elementor-container elementor-column-gap-wide\">\n\t\t\t\t\t<div class=\"elementor-column elementor-col-33 elementor-inner-column elementor-element elementor-element-79f34d23\" data-id=\"79f34d23\" data-element_type=\"column\" data-e-type=\"column\">\n\t\t\t<div class=\"elementor-widget-wrap elementor-element-populated\">\n\t\t\t\t\t\t<div class=\"elementor-element elementor-element-36d18d3a elementor-position-top elementor-widget elementor-widget-image-box\" data-id=\"36d18d3a\" data-element_type=\"widget\" data-e-type=\"widget\" data-widget_type=\"image-box.default\">\n\t\t\t\t<div class=\"elementor-widget-container\">\n\t\t\t\t\t<div class=\"elementor-image-box-wrapper\"><figure class=\"elementor-image-box-img\"><img fetchpriority=\"high\" decoding=\"async\" width=\"940\" height=\"788\" src=\"https:\/\/distribuidoravulcano.com.pe\/wp-content\/uploads\/2023\/03\/Diseno-sin-titulo-2023-03-24T152644.656.png\" class=\"elementor-animation-shrink attachment-full size-full wp-image-1221\" alt=\"\" srcset=\"https:\/\/distribuidoravulcano.com.pe\/wp-content\/uploads\/2023\/03\/Diseno-sin-titulo-2023-03-24T152644.656.png 940w, https:\/\/distribuidoravulcano.com.pe\/wp-content\/uploads\/2023\/03\/Diseno-sin-titulo-2023-03-24T152644.656-300x251.png 300w, https:\/\/distribuidoravulcano.com.pe\/wp-content\/uploads\/2023\/03\/Diseno-sin-titulo-2023-03-24T152644.656-768x644.png 768w\" sizes=\"(max-width: 940px) 100vw, 940px\" \/><\/figure><div class=\"elementor-image-box-content\"><h3 class=\"elementor-image-box-title\">Tuber\u00edas corrugadas HDPE <\/h3><p class=\"elementor-image-box-description\">Esta tuber\u00eda es fabricada de resina de Polietileno de Alta Densidad (HDPE) para conducci\u00f3n de fluidos sin presi\u00f3n, dispone un exterior corrugado anular brind\u00e1ndole mayor resistencia estructural y una pared interior lisa para m\u00e1xima capacidad de flujo hidr\u00e1ulico.<\/p><\/div><\/div>\t\t\t\t<\/div>\n\t\t\t\t<\/div>\n\t\t\t\t<div class=\"elementor-element elementor-element-671ded78 elementor-align-center elementor-widget elementor-widget-button\" data-id=\"671ded78\" data-element_type=\"widget\" data-e-type=\"widget\" data-widget_type=\"button.default\">\n\t\t\t\t<div class=\"elementor-widget-container\">\n\t\t\t\t\t\t\t\t\t<div class=\"elementor-button-wrapper\">\n\t\t\t\t\t<a class=\"elementor-button elementor-button-link elementor-size-sm\" href=\"https:\/\/distribuidoravulcano.com.pe\/wp-content\/uploads\/2023\/03\/TUBERIAS-CORRUGADAS-HDPE.pdf\">\n\t\t\t\t\t\t<span class=\"elementor-button-content-wrapper\">\n\t\t\t\t\t\t\t\t\t<span class=\"elementor-button-text\">VER BROCHURE<\/span>\n\t\t\t\t\t<\/span>\n\t\t\t\t\t<\/a>\n\t\t\t\t<\/div>\n\t\t\t\t\t\t\t\t<\/div>\n\t\t\t\t<\/div>\n\t\t\t\t\t<\/div>\n\t\t<\/div>\n\t\t\t\t<div class=\"elementor-column elementor-col-33 elementor-inner-column elementor-element elementor-element-43d1f2e\" data-id=\"43d1f2e\" data-element_type=\"column\" data-e-type=\"column\">\n\t\t\t<div class=\"elementor-widget-wrap elementor-element-populated\">\n\t\t\t\t\t\t<div class=\"elementor-element elementor-element-67b84c4c elementor-position-top elementor-widget elementor-widget-image-box\" data-id=\"67b84c4c\" data-element_type=\"widget\" data-e-type=\"widget\" data-widget_type=\"image-box.default\">\n\t\t\t\t<div class=\"elementor-widget-container\">\n\t\t\t\t\t<div class=\"elementor-image-box-wrapper\"><figure class=\"elementor-image-box-img\"><img decoding=\"async\" width=\"940\" height=\"788\" src=\"https:\/\/distribuidoravulcano.com.pe\/wp-content\/uploads\/2023\/03\/Diseno-sin-titulo-2023-03-24T152614.427.png\" class=\"elementor-animation-shrink attachment-full size-full wp-image-1220\" alt=\"\" srcset=\"https:\/\/distribuidoravulcano.com.pe\/wp-content\/uploads\/2023\/03\/Diseno-sin-titulo-2023-03-24T152614.427.png 940w, https:\/\/distribuidoravulcano.com.pe\/wp-content\/uploads\/2023\/03\/Diseno-sin-titulo-2023-03-24T152614.427-300x251.png 300w, https:\/\/distribuidoravulcano.com.pe\/wp-content\/uploads\/2023\/03\/Diseno-sin-titulo-2023-03-24T152614.427-768x644.png 768w\" sizes=\"(max-width: 940px) 100vw, 940px\" \/><\/figure><div class=\"elementor-image-box-content\"><h3 class=\"elementor-image-box-title\">Tuber\u00edas lisas de HDPE <\/h3><p class=\"elementor-image-box-description\">Estas tuber\u00edas lisas son producidas de Polietileno de Alta densidad que sirve para conducir fluidos a presi\u00f3n como l\u00edquidos y gases. Fabricadas desde 32mm hasta 2,000mm de di\u00e1metro, en normas ISO 4427:2008. Y ASTM F-714:2012.<\/p><\/div><\/div>\t\t\t\t<\/div>\n\t\t\t\t<\/div>\n\t\t\t\t<div class=\"elementor-element elementor-element-f0ee789 elementor-align-center elementor-widget elementor-widget-button\" data-id=\"f0ee789\" data-element_type=\"widget\" data-e-type=\"widget\" data-widget_type=\"button.default\">\n\t\t\t\t<div class=\"elementor-widget-container\">\n\t\t\t\t\t\t\t\t\t<div class=\"elementor-button-wrapper\">\n\t\t\t\t\t<a class=\"elementor-button elementor-button-link elementor-size-sm\" href=\"https:\/\/distribuidoravulcano.com.pe\/wp-content\/uploads\/2023\/03\/TUBERIAS-LISAS-DE-HDPE.pdf\">\n\t\t\t\t\t\t<span class=\"elementor-button-content-wrapper\">\n\t\t\t\t\t\t\t\t\t<span class=\"elementor-button-text\">VER BROCHURE<\/span>\n\t\t\t\t\t<\/span>\n\t\t\t\t\t<\/a>\n\t\t\t\t<\/div>\n\t\t\t\t\t\t\t\t<\/div>\n\t\t\t\t<\/div>\n\t\t\t\t\t<\/div>\n\t\t<\/div>\n\t\t\t\t<div class=\"elementor-column elementor-col-33 elementor-inner-column elementor-element elementor-element-2f66077f\" data-id=\"2f66077f\" data-element_type=\"column\" data-e-type=\"column\">\n\t\t\t<div class=\"elementor-widget-wrap\">\n\t\t\t\t\t\t\t<\/div>\n\t\t<\/div>\n\t\t\t\t\t<\/div>\n\t\t<\/section>\n\t\t\t\t<\/div>\n\t\t","protected":false},"excerpt":{"rendered":"<p>Tuber\u00edas Tuber\u00edas corrugadas HDPE Esta tuber\u00eda es fabricada de resina de Polietileno de Alta Densidad (HDPE) para conducci\u00f3n de fluidos sin presi\u00f3n, dispone un exterior corrugado anular brind\u00e1ndole mayor resistencia estructural y una pared interior lisa para m\u00e1xima capacidad de flujo hidr\u00e1ulico. VER BROCHURE Tuber\u00edas lisas de HDPE Estas tuber\u00edas lisas son producidas de Polietileno [&hellip;]<\/p>\n","protected":false},"author":1,"featured_media":0,"parent":0,"menu_order":0,"comment_status":"closed","ping_status":"closed","template":"","meta":{"site-sidebar-layout":"no-sidebar","site-content-layout":"page-builder","ast-site-content-layout":"default","site-content-style":"default","site-sidebar-style":"default","ast-global-header-display":"","ast-banner-title-visibility":"","ast-main-header-display":"","ast-hfb-above-header-display":"","ast-hfb-below-header-display":"","ast-hfb-mobile-header-display":"","site-post-title":"disabled","ast-breadcrumbs-content":"","ast-featured-img":"disabled","footer-sml-layout":"","ast-disable-related-posts":"","theme-transparent-header-meta":"","adv-header-id-meta":"","stick-header-meta":"","header-above-stick-meta":"","header-main-stick-meta":"","header-below-stick-meta":"","astra-migrate-meta-layouts":"default","ast-page-background-enabled":"default","ast-page-background-meta":{"desktop":{"background-color":"var(--ast-global-color-4)","background-image":"","background-repeat":"repeat","background-position":"center center","background-size":"auto","background-attachment":"scroll","background-type":"","background-media":"","overlay-type":"","overlay-color":"","overlay-opacity":"","overlay-gradient":""},"tablet":{"background-color":"","background-image":"","background-repeat":"repeat","background-position":"center center","background-size":"auto","background-attachment":"scroll","background-type":"","background-media":"","overlay-type":"","overlay-color":"","overlay-opacity":"","overlay-gradient":""},"mobile":{"background-color":"","background-image":"","background-repeat":"repeat","background-position":"center center","background-size":"auto","background-attachment":"scroll","background-type":"","background-media":"","overlay-type":"","overlay-color":"","overlay-opacity":"","overlay-gradient":""}},"ast-content-background-meta":{"desktop":{"background-color":"var(--ast-global-color-5)","background-image":"","background-repeat":"repeat","background-position":"center center","background-size":"auto","background-attachment":"scroll","background-type":"","background-media":"","overlay-type":"","overlay-color":"","overlay-opacity":"","overlay-gradient":""},"tablet":{"background-color":"var(--ast-global-color-5)","background-image":"","background-repeat":"repeat","background-position":"center center","background-size":"auto","background-attachment":"scroll","background-type":"","background-media":"","overlay-type":"","overlay-color":"","overlay-opacity":"","overlay-gradient":""},"mobile":{"background-color":"var(--ast-global-color-5)","background-image":"","background-repeat":"repeat","background-position":"center center","background-size":"auto","background-attachment":"scroll","background-type":"","background-media":"","overlay-type":"","overlay-color":"","overlay-opacity":"","overlay-gradient":""}},"footnotes":""},"class_list":["post-689","page","type-page","status-publish","hentry"],"_links":{"self":[{"href":"https:\/\/distribuidoravulcano.com.pe\/index.php?rest_route=\/wp\/v2\/pages\/689","targetHints":{"allow":["GET"]}}],"collection":[{"href":"https:\/\/distribuidoravulcano.com.pe\/index.php?rest_route=\/wp\/v2\/pages"}],"about":[{"href":"https:\/\/distribuidoravulcano.com.pe\/index.php?rest_route=\/wp\/v2\/types\/page"}],"author":[{"embeddable":true,"href":"https:\/\/distribuidoravulcano.com.pe\/index.php?rest_route=\/wp\/v2\/users\/1"}],"replies":[{"embeddable":true,"href":"https:\/\/distribuidoravulcano.com.pe\/index.php?rest_route=%2Fwp%2Fv2%2Fcomments&post=689"}],"version-history":[{"count":26,"href":"https:\/\/distribuidoravulcano.com.pe\/index.php?rest_route=\/wp\/v2\/pages\/689\/revisions"}],"predecessor-version":[{"id":1297,"href":"https:\/\/distribuidoravulcano.com.pe\/index.php?rest_route=\/wp\/v2\/pages\/689\/revisions\/1297"}],"wp:attachment":[{"href":"https:\/\/distribuidoravulcano.com.pe\/index.php?rest_route=%2Fwp%2Fv2%2Fmedia&parent=689"}],"curies":[{"name":"wp","href":"https:\/\/api.w.org\/{rel}","templated":true}]}}