{"id":655,"date":"2023-02-10T15:27:54","date_gmt":"2023-02-10T15:27:54","guid":{"rendered":"https:\/\/distribuidoravulcano.com.pe\/?page_id=655"},"modified":"2023-05-03T16:07:30","modified_gmt":"2023-05-03T16:07:30","slug":"geotextil","status":"publish","type":"page","link":"https:\/\/distribuidoravulcano.com.pe\/?page_id=655","title":{"rendered":"Geotextil"},"content":{"rendered":"\t\t<div data-elementor-type=\"wp-page\" data-elementor-id=\"655\" class=\"elementor elementor-655\">\n\t\t\t\t\t\t<section class=\"elementor-section elementor-top-section elementor-element elementor-element-50fbf820 elementor-section-boxed elementor-section-height-default elementor-section-height-default\" data-id=\"50fbf820\" data-element_type=\"section\" data-e-type=\"section\" data-settings=\"{&quot;background_background&quot;:&quot;slideshow&quot;,&quot;background_slideshow_gallery&quot;:[{&quot;id&quot;:1157,&quot;url&quot;:&quot;https:\\\/\\\/distribuidoravulcano.com.pe\\\/wp-content\\\/uploads\\\/2023\\\/03\\\/geotextiles-carrusel.jpg&quot;},{&quot;id&quot;:1158,&quot;url&quot;:&quot;https:\\\/\\\/distribuidoravulcano.com.pe\\\/wp-content\\\/uploads\\\/2023\\\/03\\\/geotextil-carrusel-2.jpg&quot;},{&quot;id&quot;:1159,&quot;url&quot;:&quot;https:\\\/\\\/distribuidoravulcano.com.pe\\\/wp-content\\\/uploads\\\/2023\\\/03\\\/Geotextil-carrusel-.jpg&quot;},{&quot;id&quot;:1160,&quot;url&quot;:&quot;https:\\\/\\\/distribuidoravulcano.com.pe\\\/wp-content\\\/uploads\\\/2023\\\/03\\\/geotextil-carrusel.jpg&quot;}],&quot;background_slideshow_loop&quot;:&quot;yes&quot;,&quot;background_slideshow_slide_duration&quot;:5000,&quot;background_slideshow_slide_transition&quot;:&quot;fade&quot;,&quot;background_slideshow_transition_duration&quot;:500}\">\n\t\t\t\t\t\t\t<div class=\"elementor-background-overlay\"><\/div>\n\t\t\t\t\t\t\t<div class=\"elementor-container elementor-column-gap-no\">\n\t\t\t\t\t<div class=\"elementor-column elementor-col-100 elementor-top-column elementor-element elementor-element-61eafbbb\" data-id=\"61eafbbb\" data-element_type=\"column\" data-e-type=\"column\">\n\t\t\t<div class=\"elementor-widget-wrap elementor-element-populated\">\n\t\t\t\t\t\t<div class=\"elementor-element elementor-element-c2afa31 elementor-widget elementor-widget-heading\" data-id=\"c2afa31\" data-element_type=\"widget\" data-e-type=\"widget\" data-widget_type=\"heading.default\">\n\t\t\t\t<div class=\"elementor-widget-container\">\n\t\t\t\t\t<h1 class=\"elementor-heading-title elementor-size-default\">Geotextil<\/h1>\t\t\t\t<\/div>\n\t\t\t\t<\/div>\n\t\t\t\t\t<\/div>\n\t\t<\/div>\n\t\t\t\t\t<\/div>\n\t\t<\/section>\n\t\t\t\t<section class=\"elementor-section elementor-top-section elementor-element elementor-element-7df9bf32 elementor-section-boxed elementor-section-height-default elementor-section-height-default\" data-id=\"7df9bf32\" data-element_type=\"section\" data-e-type=\"section\" data-settings=\"{&quot;background_background&quot;:&quot;classic&quot;}\">\n\t\t\t\t\t\t<div class=\"elementor-container elementor-column-gap-no\">\n\t\t\t\t\t<div class=\"elementor-column elementor-col-100 elementor-top-column elementor-element elementor-element-3fa53c3f\" data-id=\"3fa53c3f\" data-element_type=\"column\" data-e-type=\"column\">\n\t\t\t<div class=\"elementor-widget-wrap elementor-element-populated\">\n\t\t\t\t\t\t<section class=\"elementor-section elementor-inner-section elementor-element elementor-element-62a0247 elementor-section-boxed elementor-section-height-default elementor-section-height-default\" data-id=\"62a0247\" data-element_type=\"section\" data-e-type=\"section\">\n\t\t\t\t\t\t<div class=\"elementor-container elementor-column-gap-no\">\n\t\t\t\t\t<div class=\"elementor-column elementor-col-100 elementor-inner-column elementor-element elementor-element-4795548d\" data-id=\"4795548d\" data-element_type=\"column\" data-e-type=\"column\">\n\t\t\t<div class=\"elementor-widget-wrap elementor-element-populated\">\n\t\t\t\t\t\t<div class=\"elementor-element elementor-element-5acf2ea elementor-widget elementor-widget-text-editor\" data-id=\"5acf2ea\" data-element_type=\"widget\" data-e-type=\"widget\" data-widget_type=\"text-editor.default\">\n\t\t\t\t<div class=\"elementor-widget-container\">\n\t\t\t\t\t\t\t\t\t<p>Un geotextil es una tela permeable formada principalmente por materiales de polipropileno y polie\u0301ster. Por su alta resistencia\u00a0 son utilizados en soluciones\u00a0 relacionados con filtraci\u00f3n , drenaje, estabilizaci\u00f3n, refuerzo y separaci\u00f3n de suelos. Su fabricacio\u0301n puede ser del tipo no tejido o tejido en funcio\u0301n de su utilizacio\u0301n.<\/p>\t\t\t\t\t\t\t\t<\/div>\n\t\t\t\t<\/div>\n\t\t\t\t<div class=\"elementor-element elementor-element-d5d3108 elementor-align-center elementor-widget elementor-widget-button\" data-id=\"d5d3108\" data-element_type=\"widget\" data-e-type=\"widget\" data-widget_type=\"button.default\">\n\t\t\t\t<div class=\"elementor-widget-container\">\n\t\t\t\t\t\t\t\t\t<div class=\"elementor-button-wrapper\">\n\t\t\t\t\t<a class=\"elementor-button elementor-button-link elementor-size-sm\" href=\"https:\/\/distribuidoravulcano.com.pe\/wp-content\/uploads\/2023\/03\/GEOTEXTIL.pdf\">\n\t\t\t\t\t\t<span class=\"elementor-button-content-wrapper\">\n\t\t\t\t\t\t\t\t\t<span class=\"elementor-button-text\">VER BROCHURE<\/span>\n\t\t\t\t\t<\/span>\n\t\t\t\t\t<\/a>\n\t\t\t\t<\/div>\n\t\t\t\t\t\t\t\t<\/div>\n\t\t\t\t<\/div>\n\t\t\t\t\t<\/div>\n\t\t<\/div>\n\t\t\t\t\t<\/div>\n\t\t<\/section>\n\t\t\t\t\t<\/div>\n\t\t<\/div>\n\t\t\t\t\t<\/div>\n\t\t<\/section>\n\t\t\t\t<section class=\"elementor-section elementor-inner-section elementor-element elementor-element-29319234 elementor-section-boxed elementor-section-height-default elementor-section-height-default\" data-id=\"29319234\" data-element_type=\"section\" data-e-type=\"section\">\n\t\t\t\t\t\t<div class=\"elementor-container elementor-column-gap-wide\">\n\t\t\t\t\t<div class=\"elementor-column elementor-col-33 elementor-inner-column elementor-element elementor-element-742eac96\" data-id=\"742eac96\" data-element_type=\"column\" data-e-type=\"column\">\n\t\t\t<div class=\"elementor-widget-wrap elementor-element-populated\">\n\t\t\t\t\t\t<div class=\"elementor-element elementor-element-42fd6af2 elementor-position-top elementor-widget elementor-widget-image-box\" data-id=\"42fd6af2\" data-element_type=\"widget\" data-e-type=\"widget\" data-widget_type=\"image-box.default\">\n\t\t\t\t<div class=\"elementor-widget-container\">\n\t\t\t\t\t<div class=\"elementor-image-box-wrapper\"><figure class=\"elementor-image-box-img\"><img fetchpriority=\"high\" decoding=\"async\" width=\"940\" height=\"788\" src=\"https:\/\/distribuidoravulcano.com.pe\/wp-content\/uploads\/2023\/03\/14.png\" class=\"elementor-animation-shrink attachment-full size-full wp-image-1162\" alt=\"\" srcset=\"https:\/\/distribuidoravulcano.com.pe\/wp-content\/uploads\/2023\/03\/14.png 940w, https:\/\/distribuidoravulcano.com.pe\/wp-content\/uploads\/2023\/03\/14-300x251.png 300w, https:\/\/distribuidoravulcano.com.pe\/wp-content\/uploads\/2023\/03\/14-768x644.png 768w\" sizes=\"(max-width: 940px) 100vw, 940px\" \/><\/figure><div class=\"elementor-image-box-content\"><h3 class=\"elementor-image-box-title\">Tejido <\/h3><p class=\"elementor-image-box-description\">El geotextil tejido se fabrica al entrelazar dos o ma\u0301s hilos, fibras o filamentos.<\/p><\/div><\/div>\t\t\t\t<\/div>\n\t\t\t\t<\/div>\n\t\t\t\t\t<\/div>\n\t\t<\/div>\n\t\t\t\t<div class=\"elementor-column elementor-col-33 elementor-inner-column elementor-element elementor-element-1efa306e\" data-id=\"1efa306e\" data-element_type=\"column\" data-e-type=\"column\">\n\t\t\t<div class=\"elementor-widget-wrap elementor-element-populated\">\n\t\t\t\t\t\t<div class=\"elementor-element elementor-element-553af091 elementor-position-top elementor-widget elementor-widget-image-box\" data-id=\"553af091\" data-element_type=\"widget\" data-e-type=\"widget\" data-widget_type=\"image-box.default\">\n\t\t\t\t<div class=\"elementor-widget-container\">\n\t\t\t\t\t<div class=\"elementor-image-box-wrapper\"><figure class=\"elementor-image-box-img\"><img decoding=\"async\" width=\"940\" height=\"788\" src=\"https:\/\/distribuidoravulcano.com.pe\/wp-content\/uploads\/2023\/03\/13.png\" class=\"elementor-animation-shrink attachment-full size-full wp-image-1164\" alt=\"\" srcset=\"https:\/\/distribuidoravulcano.com.pe\/wp-content\/uploads\/2023\/03\/13.png 940w, https:\/\/distribuidoravulcano.com.pe\/wp-content\/uploads\/2023\/03\/13-300x251.png 300w, https:\/\/distribuidoravulcano.com.pe\/wp-content\/uploads\/2023\/03\/13-768x644.png 768w\" sizes=\"(max-width: 940px) 100vw, 940px\" \/><\/figure><div class=\"elementor-image-box-content\"><h3 class=\"elementor-image-box-title\">No tejido<\/h3><p class=\"elementor-image-box-description\">Esta\u0301 formado por fibras, filamentos u otros elementos ligados de manera aleatoria.<\/p><\/div><\/div>\t\t\t\t<\/div>\n\t\t\t\t<\/div>\n\t\t\t\t\t<\/div>\n\t\t<\/div>\n\t\t\t\t<div class=\"elementor-column elementor-col-33 elementor-inner-column elementor-element elementor-element-5c344f62\" data-id=\"5c344f62\" data-element_type=\"column\" data-e-type=\"column\">\n\t\t\t<div class=\"elementor-widget-wrap\">\n\t\t\t\t\t\t\t<\/div>\n\t\t<\/div>\n\t\t\t\t\t<\/div>\n\t\t<\/section>\n\t\t\t\t<\/div>\n\t\t","protected":false},"excerpt":{"rendered":"<p>Geotextil Un geotextil es una tela permeable formada principalmente por materiales de polipropileno y polie\u0301ster. Por su alta resistencia\u00a0 son utilizados en soluciones\u00a0 relacionados con filtraci\u00f3n , drenaje, estabilizaci\u00f3n, refuerzo y separaci\u00f3n de suelos. Su fabricacio\u0301n puede ser del tipo no tejido o tejido en funcio\u0301n de su utilizacio\u0301n. VER BROCHURE Tejido El geotextil tejido [&hellip;]<\/p>\n","protected":false},"author":1,"featured_media":0,"parent":0,"menu_order":0,"comment_status":"closed","ping_status":"closed","template":"","meta":{"site-sidebar-layout":"no-sidebar","site-content-layout":"page-builder","ast-site-content-layout":"default","site-content-style":"default","site-sidebar-style":"default","ast-global-header-display":"","ast-banner-title-visibility":"","ast-main-header-display":"","ast-hfb-above-header-display":"","ast-hfb-below-header-display":"","ast-hfb-mobile-header-display":"","site-post-title":"disabled","ast-breadcrumbs-content":"","ast-featured-img":"disabled","footer-sml-layout":"","ast-disable-related-posts":"","theme-transparent-header-meta":"","adv-header-id-meta":"","stick-header-meta":"","header-above-stick-meta":"","header-main-stick-meta":"","header-below-stick-meta":"","astra-migrate-meta-layouts":"default","ast-page-background-enabled":"default","ast-page-background-meta":{"desktop":{"background-color":"var(--ast-global-color-4)","background-image":"","background-repeat":"repeat","background-position":"center center","background-size":"auto","background-attachment":"scroll","background-type":"","background-media":"","overlay-type":"","overlay-color":"","overlay-opacity":"","overlay-gradient":""},"tablet":{"background-color":"","background-image":"","background-repeat":"repeat","background-position":"center center","background-size":"auto","background-attachment":"scroll","background-type":"","background-media":"","overlay-type":"","overlay-color":"","overlay-opacity":"","overlay-gradient":""},"mobile":{"background-color":"","background-image":"","background-repeat":"repeat","background-position":"center center","background-size":"auto","background-attachment":"scroll","background-type":"","background-media":"","overlay-type":"","overlay-color":"","overlay-opacity":"","overlay-gradient":""}},"ast-content-background-meta":{"desktop":{"background-color":"var(--ast-global-color-5)","background-image":"","background-repeat":"repeat","background-position":"center center","background-size":"auto","background-attachment":"scroll","background-type":"","background-media":"","overlay-type":"","overlay-color":"","overlay-opacity":"","overlay-gradient":""},"tablet":{"background-color":"var(--ast-global-color-5)","background-image":"","background-repeat":"repeat","background-position":"center center","background-size":"auto","background-attachment":"scroll","background-type":"","background-media":"","overlay-type":"","overlay-color":"","overlay-opacity":"","overlay-gradient":""},"mobile":{"background-color":"var(--ast-global-color-5)","background-image":"","background-repeat":"repeat","background-position":"center center","background-size":"auto","background-attachment":"scroll","background-type":"","background-media":"","overlay-type":"","overlay-color":"","overlay-opacity":"","overlay-gradient":""}},"footnotes":""},"class_list":["post-655","page","type-page","status-publish","hentry"],"_links":{"self":[{"href":"https:\/\/distribuidoravulcano.com.pe\/index.php?rest_route=\/wp\/v2\/pages\/655","targetHints":{"allow":["GET"]}}],"collection":[{"href":"https:\/\/distribuidoravulcano.com.pe\/index.php?rest_route=\/wp\/v2\/pages"}],"about":[{"href":"https:\/\/distribuidoravulcano.com.pe\/index.php?rest_route=\/wp\/v2\/types\/page"}],"author":[{"embeddable":true,"href":"https:\/\/distribuidoravulcano.com.pe\/index.php?rest_route=\/wp\/v2\/users\/1"}],"replies":[{"embeddable":true,"href":"https:\/\/distribuidoravulcano.com.pe\/index.php?rest_route=%2Fwp%2Fv2%2Fcomments&post=655"}],"version-history":[{"count":41,"href":"https:\/\/distribuidoravulcano.com.pe\/index.php?rest_route=\/wp\/v2\/pages\/655\/revisions"}],"predecessor-version":[{"id":1285,"href":"https:\/\/distribuidoravulcano.com.pe\/index.php?rest_route=\/wp\/v2\/pages\/655\/revisions\/1285"}],"wp:attachment":[{"href":"https:\/\/distribuidoravulcano.com.pe\/index.php?rest_route=%2Fwp%2Fv2%2Fmedia&parent=655"}],"curies":[{"name":"wp","href":"https:\/\/api.w.org\/{rel}","templated":true}]}}