{"id":645,"date":"2023-02-10T15:26:13","date_gmt":"2023-02-10T15:26:13","guid":{"rendered":"https:\/\/distribuidoravulcano.com.pe\/?page_id=645"},"modified":"2023-05-03T16:07:30","modified_gmt":"2023-05-03T16:07:30","slug":"gaviones","status":"publish","type":"page","link":"https:\/\/distribuidoravulcano.com.pe\/?page_id=645","title":{"rendered":"Gaviones"},"content":{"rendered":"\t\t<div data-elementor-type=\"wp-page\" data-elementor-id=\"645\" class=\"elementor elementor-645\">\n\t\t\t\t\t\t<section class=\"elementor-section elementor-top-section elementor-element elementor-element-48b71efe elementor-section-boxed elementor-section-height-default elementor-section-height-default\" data-id=\"48b71efe\" data-element_type=\"section\" data-e-type=\"section\" data-settings=\"{&quot;background_background&quot;:&quot;slideshow&quot;,&quot;background_slideshow_gallery&quot;:[{&quot;id&quot;:1114,&quot;url&quot;:&quot;https:\\\/\\\/distribuidoravulcano.com.pe\\\/wp-content\\\/uploads\\\/2023\\\/03\\\/Imagen-carrusel-1.png&quot;},{&quot;id&quot;:1113,&quot;url&quot;:&quot;https:\\\/\\\/distribuidoravulcano.com.pe\\\/wp-content\\\/uploads\\\/2023\\\/03\\\/Imagen-carrusel-2.jpg&quot;},{&quot;id&quot;:1112,&quot;url&quot;:&quot;https:\\\/\\\/distribuidoravulcano.com.pe\\\/wp-content\\\/uploads\\\/2023\\\/03\\\/Imagen-carrusel4.jpg&quot;},{&quot;id&quot;:1115,&quot;url&quot;:&quot;https:\\\/\\\/distribuidoravulcano.com.pe\\\/wp-content\\\/uploads\\\/2023\\\/03\\\/Imagen-carrusel-3.jpg&quot;}],&quot;background_slideshow_slide_duration&quot;:2000,&quot;background_slideshow_loop&quot;:&quot;yes&quot;,&quot;background_slideshow_slide_transition&quot;:&quot;fade&quot;,&quot;background_slideshow_transition_duration&quot;:500}\">\n\t\t\t\t\t\t\t<div class=\"elementor-background-overlay\"><\/div>\n\t\t\t\t\t\t\t<div class=\"elementor-container elementor-column-gap-no\">\n\t\t\t\t\t<div class=\"elementor-column elementor-col-100 elementor-top-column elementor-element elementor-element-6c4c0bb5\" data-id=\"6c4c0bb5\" data-element_type=\"column\" data-e-type=\"column\">\n\t\t\t<div class=\"elementor-widget-wrap elementor-element-populated\">\n\t\t\t\t\t\t<div class=\"elementor-element elementor-element-60a4d5dd elementor-widget elementor-widget-heading\" data-id=\"60a4d5dd\" data-element_type=\"widget\" data-e-type=\"widget\" data-widget_type=\"heading.default\">\n\t\t\t\t<div class=\"elementor-widget-container\">\n\t\t\t\t\t<h1 class=\"elementor-heading-title elementor-size-default\">Gaviones <\/h1>\t\t\t\t<\/div>\n\t\t\t\t<\/div>\n\t\t\t\t\t<\/div>\n\t\t<\/div>\n\t\t\t\t\t<\/div>\n\t\t<\/section>\n\t\t\t\t<section class=\"elementor-section elementor-top-section elementor-element elementor-element-154bb1fc elementor-section-boxed elementor-section-height-default elementor-section-height-default\" data-id=\"154bb1fc\" data-element_type=\"section\" data-e-type=\"section\" data-settings=\"{&quot;background_background&quot;:&quot;classic&quot;}\">\n\t\t\t\t\t\t<div class=\"elementor-container elementor-column-gap-wide\">\n\t\t\t\t\t<div class=\"elementor-column elementor-col-100 elementor-top-column elementor-element elementor-element-ee75770\" data-id=\"ee75770\" data-element_type=\"column\" data-e-type=\"column\">\n\t\t\t<div class=\"elementor-widget-wrap elementor-element-populated\">\n\t\t\t\t\t\t<section class=\"elementor-section elementor-inner-section elementor-element elementor-element-3a658e3e elementor-section-boxed elementor-section-height-default elementor-section-height-default\" data-id=\"3a658e3e\" data-element_type=\"section\" data-e-type=\"section\">\n\t\t\t\t\t\t<div class=\"elementor-container elementor-column-gap-no\">\n\t\t\t\t\t<div class=\"elementor-column elementor-col-100 elementor-inner-column elementor-element elementor-element-793de338\" data-id=\"793de338\" data-element_type=\"column\" data-e-type=\"column\">\n\t\t\t<div class=\"elementor-widget-wrap elementor-element-populated\">\n\t\t\t\t\t\t<div class=\"elementor-element elementor-element-b69fad8 elementor-widget elementor-widget-text-editor\" data-id=\"b69fad8\" data-element_type=\"widget\" data-e-type=\"widget\" data-widget_type=\"text-editor.default\">\n\t\t\t\t<div class=\"elementor-widget-container\">\n\t\t\t\t\t\t\t\t\t<p>Los gaviones son estructuras de canasta prism\u00e1tica rectangular, construidos en malla met\u00e1lica de acero inoxidable o hierro galvanizado.<\/p><p>Los gaviones pueden usarse de varias maneras entre ellas: mantener taludes inestables, proveer control de erosi\u00f3n a r\u00edos, canales y costas, crear barreras ac\u00fasticas, edificaciones estructurales, construcci\u00f3n de fachadas, trabajo de mejoramiento del paisaje y otras aplicaciones que requieren estructuras rentables, duraderas, permeables y flexibles.<\/p><p>Existen varios tipos de gaviones, indicados para obras con caracter\u00edsticas especificas . cada uno varia en su forma y medidas , pero est\u00e1n constituidos por materiales similares.<\/p>\t\t\t\t\t\t\t\t<\/div>\n\t\t\t\t<\/div>\n\t\t\t\t<div class=\"elementor-element elementor-element-806edb2 elementor-align-center elementor-widget elementor-widget-button\" data-id=\"806edb2\" data-element_type=\"widget\" data-e-type=\"widget\" data-widget_type=\"button.default\">\n\t\t\t\t<div class=\"elementor-widget-container\">\n\t\t\t\t\t\t\t\t\t<div class=\"elementor-button-wrapper\">\n\t\t\t\t\t<a class=\"elementor-button elementor-button-link elementor-size-sm\" href=\"https:\/\/distribuidoravulcano.com.pe\/wp-content\/uploads\/2023\/03\/GAVIONES.pdf\">\n\t\t\t\t\t\t<span class=\"elementor-button-content-wrapper\">\n\t\t\t\t\t\t\t\t\t<span class=\"elementor-button-text\">VER BROCHURE<\/span>\n\t\t\t\t\t<\/span>\n\t\t\t\t\t<\/a>\n\t\t\t\t<\/div>\n\t\t\t\t\t\t\t\t<\/div>\n\t\t\t\t<\/div>\n\t\t\t\t\t<\/div>\n\t\t<\/div>\n\t\t\t\t\t<\/div>\n\t\t<\/section>\n\t\t\t\t\t<\/div>\n\t\t<\/div>\n\t\t\t\t\t<\/div>\n\t\t<\/section>\n\t\t\t\t<section class=\"elementor-section elementor-inner-section elementor-element elementor-element-71a4d415 elementor-section-boxed elementor-section-height-default elementor-section-height-default\" data-id=\"71a4d415\" data-element_type=\"section\" data-e-type=\"section\">\n\t\t\t\t\t\t<div class=\"elementor-container elementor-column-gap-wide\">\n\t\t\t\t\t<div class=\"elementor-column elementor-col-33 elementor-inner-column elementor-element elementor-element-e85d6b2\" data-id=\"e85d6b2\" data-element_type=\"column\" data-e-type=\"column\">\n\t\t\t<div class=\"elementor-widget-wrap elementor-element-populated\">\n\t\t\t\t\t\t<div class=\"elementor-element elementor-element-4453e8cd elementor-position-top elementor-widget elementor-widget-image-box\" data-id=\"4453e8cd\" data-element_type=\"widget\" data-e-type=\"widget\" data-widget_type=\"image-box.default\">\n\t\t\t\t<div class=\"elementor-widget-container\">\n\t\t\t\t\t<div class=\"elementor-image-box-wrapper\"><figure class=\"elementor-image-box-img\"><img fetchpriority=\"high\" decoding=\"async\" width=\"940\" height=\"788\" src=\"https:\/\/distribuidoravulcano.com.pe\/wp-content\/uploads\/2023\/03\/1.png\" class=\"elementor-animation-shrink attachment-full size-full wp-image-1125\" alt=\"\" srcset=\"https:\/\/distribuidoravulcano.com.pe\/wp-content\/uploads\/2023\/03\/1.png 940w, https:\/\/distribuidoravulcano.com.pe\/wp-content\/uploads\/2023\/03\/1-300x251.png 300w, https:\/\/distribuidoravulcano.com.pe\/wp-content\/uploads\/2023\/03\/1-768x644.png 768w\" sizes=\"(max-width: 940px) 100vw, 940px\" \/><\/figure><div class=\"elementor-image-box-content\"><h3 class=\"elementor-image-box-title\">Gavi\u00f3n caja<\/h3><p class=\"elementor-image-box-description\">Es una estructura monol\u00edtica de diferentes dimensiones son usados para la construcci\u00f3n de muros de contenci\u00f3n y protecci\u00f3n de cauces, fabricada de malla de doble torsi\u00f3n con hilo de acero dulce galvanizado y plastificados dependiendo de la aplicaci\u00f3n .Su altura fluct\u00faa entre 0.5m a 1.0m.<\/p><\/div><\/div>\t\t\t\t<\/div>\n\t\t\t\t<\/div>\n\t\t\t\t\t<\/div>\n\t\t<\/div>\n\t\t\t\t<div class=\"elementor-column elementor-col-33 elementor-inner-column elementor-element elementor-element-9b17a9b\" data-id=\"9b17a9b\" data-element_type=\"column\" data-e-type=\"column\">\n\t\t\t<div class=\"elementor-widget-wrap elementor-element-populated\">\n\t\t\t\t\t\t<div class=\"elementor-element elementor-element-138639e1 elementor-position-top elementor-widget elementor-widget-image-box\" data-id=\"138639e1\" data-element_type=\"widget\" data-e-type=\"widget\" data-widget_type=\"image-box.default\">\n\t\t\t\t<div class=\"elementor-widget-container\">\n\t\t\t\t\t<div class=\"elementor-image-box-wrapper\"><figure class=\"elementor-image-box-img\"><img decoding=\"async\" width=\"940\" height=\"788\" src=\"https:\/\/distribuidoravulcano.com.pe\/wp-content\/uploads\/2023\/03\/2.png\" class=\"elementor-animation-shrink attachment-full size-full wp-image-1121\" alt=\"\" srcset=\"https:\/\/distribuidoravulcano.com.pe\/wp-content\/uploads\/2023\/03\/2.png 940w, https:\/\/distribuidoravulcano.com.pe\/wp-content\/uploads\/2023\/03\/2-300x251.png 300w, https:\/\/distribuidoravulcano.com.pe\/wp-content\/uploads\/2023\/03\/2-768x644.png 768w\" sizes=\"(max-width: 940px) 100vw, 940px\" \/><\/figure><div class=\"elementor-image-box-content\"><h3 class=\"elementor-image-box-title\">Gavi\u00f3n colch\u00f3n<\/h3><p class=\"elementor-image-box-description\">Son estructuras rectangulares fabricada de malla de doble torsi\u00f3n con hilo de acero dulce galvanizado y plastificados dependiendo de la aplicaci\u00f3n. Se caracteriza por tener altura menor a 0.5m. Son usados en los lechos de los r\u00edos para prevenir la erosi\u00f3n y como elemento antisocavante.<\/p><\/div><\/div>\t\t\t\t<\/div>\n\t\t\t\t<\/div>\n\t\t\t\t\t<\/div>\n\t\t<\/div>\n\t\t\t\t<div class=\"elementor-column elementor-col-33 elementor-inner-column elementor-element elementor-element-4ab104f7\" data-id=\"4ab104f7\" data-element_type=\"column\" data-e-type=\"column\">\n\t\t\t<div class=\"elementor-widget-wrap elementor-element-populated\">\n\t\t\t\t\t\t<div class=\"elementor-element elementor-element-609a0494 elementor-position-top elementor-widget elementor-widget-image-box\" data-id=\"609a0494\" data-element_type=\"widget\" data-e-type=\"widget\" data-widget_type=\"image-box.default\">\n\t\t\t\t<div class=\"elementor-widget-container\">\n\t\t\t\t\t<div class=\"elementor-image-box-wrapper\"><figure class=\"elementor-image-box-img\"><img decoding=\"async\" width=\"940\" height=\"788\" src=\"https:\/\/distribuidoravulcano.com.pe\/wp-content\/uploads\/2023\/03\/4.png\" class=\"elementor-animation-shrink attachment-full size-full wp-image-1123\" alt=\"\" srcset=\"https:\/\/distribuidoravulcano.com.pe\/wp-content\/uploads\/2023\/03\/4.png 940w, https:\/\/distribuidoravulcano.com.pe\/wp-content\/uploads\/2023\/03\/4-300x251.png 300w, https:\/\/distribuidoravulcano.com.pe\/wp-content\/uploads\/2023\/03\/4-768x644.png 768w\" sizes=\"(max-width: 940px) 100vw, 940px\" \/><\/figure><div class=\"elementor-image-box-content\"><h3 class=\"elementor-image-box-title\">Gavi\u00f3n con cola<\/h3><p class=\"elementor-image-box-description\">Comprende un sistema modular usado para formar un muro de tierra mec\u00e1nicamente estabilizado, conformados por una base, cola, paredes verticales y una tapa; rellenados en obra con piedras de dureza y peso apropiado. Act\u00faan en forma conjunta con otros materiales como geomallas, geotextiles , geocompuestos , tuber\u00edas y otros geosint\u00e9ticos.<\/p><\/div><\/div>\t\t\t\t<\/div>\n\t\t\t\t<\/div>\n\t\t\t\t\t<\/div>\n\t\t<\/div>\n\t\t\t\t\t<\/div>\n\t\t<\/section>\n\t\t\t\t<section class=\"elementor-section elementor-inner-section elementor-element elementor-element-1d7c3333 elementor-section-boxed elementor-section-height-default elementor-section-height-default\" data-id=\"1d7c3333\" data-element_type=\"section\" data-e-type=\"section\">\n\t\t\t\t\t\t<div class=\"elementor-container elementor-column-gap-wide\">\n\t\t\t\t\t<div class=\"elementor-column elementor-col-33 elementor-inner-column elementor-element elementor-element-511573f\" data-id=\"511573f\" data-element_type=\"column\" data-e-type=\"column\">\n\t\t\t<div class=\"elementor-widget-wrap elementor-element-populated\">\n\t\t\t\t\t\t<div class=\"elementor-element elementor-element-3c28c5c9 elementor-position-top elementor-widget elementor-widget-image-box\" data-id=\"3c28c5c9\" data-element_type=\"widget\" data-e-type=\"widget\" data-widget_type=\"image-box.default\">\n\t\t\t\t<div class=\"elementor-widget-container\">\n\t\t\t\t\t<div class=\"elementor-image-box-wrapper\"><figure class=\"elementor-image-box-img\"><img loading=\"lazy\" decoding=\"async\" width=\"940\" height=\"788\" src=\"https:\/\/distribuidoravulcano.com.pe\/wp-content\/uploads\/2023\/03\/3.png\" class=\"elementor-animation-shrink attachment-full size-full wp-image-1122\" alt=\"\" srcset=\"https:\/\/distribuidoravulcano.com.pe\/wp-content\/uploads\/2023\/03\/3.png 940w, https:\/\/distribuidoravulcano.com.pe\/wp-content\/uploads\/2023\/03\/3-300x251.png 300w, https:\/\/distribuidoravulcano.com.pe\/wp-content\/uploads\/2023\/03\/3-768x644.png 768w\" sizes=\"(max-width: 940px) 100vw, 940px\" \/><\/figure><div class=\"elementor-image-box-content\"><h3 class=\"elementor-image-box-title\">Gavi\u00f3n saco<\/h3><p class=\"elementor-image-box-description\">Son gaviones de forma cil\u00edndrica dise\u00f1adas a partir de una malla de alambre de acero tejido hexagonal de doble torsi\u00f3n . Son usados para proporcionar protecci\u00f3n contra la erosi\u00f3n de las orillas de los r\u00edos, de los muelles de los puentes o en situaciones que requiera una defensa inmediata.<\/p><\/div><\/div>\t\t\t\t<\/div>\n\t\t\t\t<\/div>\n\t\t\t\t\t<\/div>\n\t\t<\/div>\n\t\t\t\t<div class=\"elementor-column elementor-col-33 elementor-inner-column elementor-element elementor-element-79502d70\" data-id=\"79502d70\" data-element_type=\"column\" data-e-type=\"column\">\n\t\t\t<div class=\"elementor-widget-wrap elementor-element-populated\">\n\t\t\t\t\t\t<div class=\"elementor-element elementor-element-51a975dd elementor-position-top elementor-widget elementor-widget-image-box\" data-id=\"51a975dd\" data-element_type=\"widget\" data-e-type=\"widget\" data-widget_type=\"image-box.default\">\n\t\t\t\t<div class=\"elementor-widget-container\">\n\t\t\t\t\t<div class=\"elementor-image-box-wrapper\"><figure class=\"elementor-image-box-img\"><img loading=\"lazy\" decoding=\"async\" width=\"940\" height=\"788\" src=\"https:\/\/distribuidoravulcano.com.pe\/wp-content\/uploads\/2023\/03\/5.png\" class=\"elementor-animation-shrink attachment-full size-full wp-image-1124\" alt=\"\" srcset=\"https:\/\/distribuidoravulcano.com.pe\/wp-content\/uploads\/2023\/03\/5.png 940w, https:\/\/distribuidoravulcano.com.pe\/wp-content\/uploads\/2023\/03\/5-300x251.png 300w, https:\/\/distribuidoravulcano.com.pe\/wp-content\/uploads\/2023\/03\/5-768x644.png 768w\" sizes=\"(max-width: 940px) 100vw, 940px\" \/><\/figure><div class=\"elementor-image-box-content\"><h3 class=\"elementor-image-box-title\">Malla gavi\u00f3n<\/h3><p class=\"elementor-image-box-description\">La malla Gavion est\u00e1 constituida por una red de malla hexagonal tejida a doble torsi\u00f3n. Es usado para evitar la posible ca\u00edda de rocas y piedras en superficies como  carreteras, ferrocarriles u otro ambiente que pueda ocasionar da\u00f1os . Mantienen la estabilidad de la pendiente cerca de la carretera y de los ferrocarriles y evitan la erosi\u00f3n de las pendientes.<\/p><\/div><\/div>\t\t\t\t<\/div>\n\t\t\t\t<\/div>\n\t\t\t\t\t<\/div>\n\t\t<\/div>\n\t\t\t\t<div class=\"elementor-column elementor-col-33 elementor-inner-column elementor-element elementor-element-23aec6c4\" data-id=\"23aec6c4\" data-element_type=\"column\" data-e-type=\"column\">\n\t\t\t<div class=\"elementor-widget-wrap\">\n\t\t\t\t\t\t\t<\/div>\n\t\t<\/div>\n\t\t\t\t\t<\/div>\n\t\t<\/section>\n\t\t\t\t<\/div>\n\t\t","protected":false},"excerpt":{"rendered":"<p>Gaviones Los gaviones son estructuras de canasta prism\u00e1tica rectangular, construidos en malla met\u00e1lica de acero inoxidable o hierro galvanizado. Los gaviones pueden usarse de varias maneras entre ellas: mantener taludes inestables, proveer control de erosi\u00f3n a r\u00edos, canales y costas, crear barreras ac\u00fasticas, edificaciones estructurales, construcci\u00f3n de fachadas, trabajo de mejoramiento del paisaje y otras [&hellip;]<\/p>\n","protected":false},"author":1,"featured_media":0,"parent":0,"menu_order":0,"comment_status":"closed","ping_status":"closed","template":"","meta":{"site-sidebar-layout":"no-sidebar","site-content-layout":"page-builder","ast-site-content-layout":"default","site-content-style":"default","site-sidebar-style":"default","ast-global-header-display":"","ast-banner-title-visibility":"","ast-main-header-display":"","ast-hfb-above-header-display":"","ast-hfb-below-header-display":"","ast-hfb-mobile-header-display":"","site-post-title":"disabled","ast-breadcrumbs-content":"","ast-featured-img":"disabled","footer-sml-layout":"","ast-disable-related-posts":"","theme-transparent-header-meta":"","adv-header-id-meta":"","stick-header-meta":"","header-above-stick-meta":"","header-main-stick-meta":"","header-below-stick-meta":"","astra-migrate-meta-layouts":"default","ast-page-background-enabled":"default","ast-page-background-meta":{"desktop":{"background-color":"var(--ast-global-color-4)","background-image":"","background-repeat":"repeat","background-position":"center center","background-size":"auto","background-attachment":"scroll","background-type":"","background-media":"","overlay-type":"","overlay-color":"","overlay-opacity":"","overlay-gradient":""},"tablet":{"background-color":"","background-image":"","background-repeat":"repeat","background-position":"center center","background-size":"auto","background-attachment":"scroll","background-type":"","background-media":"","overlay-type":"","overlay-color":"","overlay-opacity":"","overlay-gradient":""},"mobile":{"background-color":"","background-image":"","background-repeat":"repeat","background-position":"center center","background-size":"auto","background-attachment":"scroll","background-type":"","background-media":"","overlay-type":"","overlay-color":"","overlay-opacity":"","overlay-gradient":""}},"ast-content-background-meta":{"desktop":{"background-color":"var(--ast-global-color-5)","background-image":"","background-repeat":"repeat","background-position":"center center","background-size":"auto","background-attachment":"scroll","background-type":"","background-media":"","overlay-type":"","overlay-color":"","overlay-opacity":"","overlay-gradient":""},"tablet":{"background-color":"var(--ast-global-color-5)","background-image":"","background-repeat":"repeat","background-position":"center center","background-size":"auto","background-attachment":"scroll","background-type":"","background-media":"","overlay-type":"","overlay-color":"","overlay-opacity":"","overlay-gradient":""},"mobile":{"background-color":"var(--ast-global-color-5)","background-image":"","background-repeat":"repeat","background-position":"center center","background-size":"auto","background-attachment":"scroll","background-type":"","background-media":"","overlay-type":"","overlay-color":"","overlay-opacity":"","overlay-gradient":""}},"footnotes":""},"class_list":["post-645","page","type-page","status-publish","hentry"],"_links":{"self":[{"href":"https:\/\/distribuidoravulcano.com.pe\/index.php?rest_route=\/wp\/v2\/pages\/645","targetHints":{"allow":["GET"]}}],"collection":[{"href":"https:\/\/distribuidoravulcano.com.pe\/index.php?rest_route=\/wp\/v2\/pages"}],"about":[{"href":"https:\/\/distribuidoravulcano.com.pe\/index.php?rest_route=\/wp\/v2\/types\/page"}],"author":[{"embeddable":true,"href":"https:\/\/distribuidoravulcano.com.pe\/index.php?rest_route=\/wp\/v2\/users\/1"}],"replies":[{"embeddable":true,"href":"https:\/\/distribuidoravulcano.com.pe\/index.php?rest_route=%2Fwp%2Fv2%2Fcomments&post=645"}],"version-history":[{"count":38,"href":"https:\/\/distribuidoravulcano.com.pe\/index.php?rest_route=\/wp\/v2\/pages\/645\/revisions"}],"predecessor-version":[{"id":1282,"href":"https:\/\/distribuidoravulcano.com.pe\/index.php?rest_route=\/wp\/v2\/pages\/645\/revisions\/1282"}],"wp:attachment":[{"href":"https:\/\/distribuidoravulcano.com.pe\/index.php?rest_route=%2Fwp%2Fv2%2Fmedia&parent=645"}],"curies":[{"name":"wp","href":"https:\/\/api.w.org\/{rel}","templated":true}]}}